{"id":136,"date":"2021-09-10T18:21:15","date_gmt":"2021-09-10T18:21:15","guid":{"rendered":"http:\/\/runtipsmx.com\/?page_id=136"},"modified":"2025-06-16T19:34:51","modified_gmt":"2025-06-16T19:34:51","slug":"descarga-la-app-de-entrenamiento","status":"publish","type":"page","link":"https:\/\/runtipsmx.com\/?page_id=136","title":{"rendered":"Descarga la app de entrenamiento"},"content":{"rendered":"\t\t<div data-elementor-type=\"wp-page\" data-elementor-id=\"136\" class=\"elementor elementor-136\" data-elementor-settings=\"[]\">\n\t\t\t\t\t\t\t<div class=\"elementor-section-wrap\">\n\t\t\t\t\t\t\t<section class=\"elementor-section elementor-top-section elementor-element elementor-element-9abdfa2 elementor-section-boxed elementor-section-height-default elementor-section-height-default\" data-id=\"9abdfa2\" data-element_type=\"section\">\n\t\t\t\t\t\t\t<div class=\"elementor-background-overlay\"><\/div>\n\t\t\t\t\t\t\t<div class=\"elementor-container elementor-column-gap-default\">\n\t\t\t\t\t<div class=\"elementor-column elementor-col-100 elementor-top-column elementor-element elementor-element-69d2e7d\" data-id=\"69d2e7d\" data-element_type=\"column\">\n\t\t\t<div class=\"elementor-widget-wrap elementor-element-populated\">\n\t\t\t\t\t\t\t\t<div class=\"elementor-element elementor-element-ca85967 elementor-widget elementor-widget-heading\" data-id=\"ca85967\" data-element_type=\"widget\" data-widget_type=\"heading.default\">\n\t\t\t\t<div class=\"elementor-widget-container\">\n\t\t\t<h4 class=\"elementor-heading-title elementor-size-default\">Recuerda que s\u00f3lo podr\u00e1s visualizar los entrenamientos una vez que te hayas suscrito.\nSi ya lo hiciste y a\u00fan no puedes accesar, danos oportunidad para darte de alta y elaborar tu entrenamiento. Te avisaremos en cu\u00e1nto puedas visualizarlos.<\/h4>\t\t<\/div>\n\t\t\t\t<\/div>\n\t\t\t\t<div class=\"elementor-element elementor-element-ea75262 elementor-widget elementor-widget-image\" data-id=\"ea75262\" data-element_type=\"widget\" data-widget_type=\"image.default\">\n\t\t\t\t<div class=\"elementor-widget-container\">\n\t\t\t\t\t\t\t\t\t\t\t\t\t\t\t<img loading=\"lazy\" decoding=\"async\" width=\"512\" height=\"512\" src=\"https:\/\/runtipsmx.com\/wp-content\/uploads\/2024\/01\/trainerplan-logo.png\" class=\"attachment-large size-large\" alt=\"\" srcset=\"https:\/\/runtipsmx.com\/wp-content\/uploads\/2024\/01\/trainerplan-logo.png 512w, https:\/\/runtipsmx.com\/wp-content\/uploads\/2024\/01\/trainerplan-logo-300x300.png 300w, https:\/\/runtipsmx.com\/wp-content\/uploads\/2024\/01\/trainerplan-logo-150x150.png 150w\" sizes=\"auto, (max-width: 512px) 100vw, 512px\" \/>\t\t\t\t\t\t\t\t\t\t\t\t\t\t\t<\/div>\n\t\t\t\t<\/div>\n\t\t\t\t<div class=\"elementor-element elementor-element-ac7e4d9 elementor-align-center elementor-widget elementor-widget-button\" data-id=\"ac7e4d9\" data-element_type=\"widget\" data-widget_type=\"button.default\">\n\t\t\t\t<div class=\"elementor-widget-container\">\n\t\t\t\t\t<div class=\"elementor-button-wrapper\">\n\t\t\t<a href=\"https:\/\/play.google.com\/store\/apps\/details?id=com.trainerplan.trainerplanapp\" class=\"elementor-button-link elementor-button elementor-size-lg\" role=\"button\">\n\t\t\t\t\t\t<span class=\"elementor-button-content-wrapper\">\n\t\t\t\t\t\t<span class=\"elementor-button-text\">Descarga la app aqu\u00ed Android<\/span>\n\t\t<\/span>\n\t\t\t\t\t<\/a>\n\t\t<\/div>\n\t\t\t\t<\/div>\n\t\t\t\t<\/div>\n\t\t\t\t<div class=\"elementor-element elementor-element-0c55920 elementor-align-center elementor-widget elementor-widget-button\" data-id=\"0c55920\" data-element_type=\"widget\" data-widget_type=\"button.default\">\n\t\t\t\t<div class=\"elementor-widget-container\">\n\t\t\t\t\t<div class=\"elementor-button-wrapper\">\n\t\t\t<a href=\"https:\/\/apps.apple.com\/mx\/app\/trainerplan\/id1437097136\" class=\"elementor-button-link elementor-button elementor-size-lg\" role=\"button\">\n\t\t\t\t\t\t<span class=\"elementor-button-content-wrapper\">\n\t\t\t\t\t\t<span class=\"elementor-button-text\">Descarga la app aqu\u00ed IOS<\/span>\n\t\t<\/span>\n\t\t\t\t\t<\/a>\n\t\t<\/div>\n\t\t\t\t<\/div>\n\t\t\t\t<\/div>\n\t\t\t\t\t<\/div>\n\t\t<\/div>\n\t\t\t\t\t\t\t<\/div>\n\t\t<\/section>\n\t\t\t\t\t\t<\/div>\n\t\t\t\t\t<\/div>\n\t\t","protected":false},"excerpt":{"rendered":"<p>Recuerda que s\u00f3lo podr\u00e1s visualizar los entrenamientos una vez que te hayas suscrito. Si ya lo hiciste y a\u00fan no puedes accesar, danos oportunidad para darte de alta y elaborar tu entrenamiento. Te avisaremos en cu\u00e1nto puedas visualizarlos. Descarga la app aqu\u00ed Android Descarga la app aqu\u00ed IOS<\/p>\n","protected":false},"author":1,"featured_media":73,"parent":308,"menu_order":0,"comment_status":"closed","ping_status":"closed","template":"elementor_canvas","meta":{"footnotes":""},"class_list":["post-136","page","type-page","status-publish","has-post-thumbnail","hentry"],"_links":{"self":[{"href":"https:\/\/runtipsmx.com\/index.php?rest_route=\/wp\/v2\/pages\/136","targetHints":{"allow":["GET"]}}],"collection":[{"href":"https:\/\/runtipsmx.com\/index.php?rest_route=\/wp\/v2\/pages"}],"about":[{"href":"https:\/\/runtipsmx.com\/index.php?rest_route=\/wp\/v2\/types\/page"}],"author":[{"embeddable":true,"href":"https:\/\/runtipsmx.com\/index.php?rest_route=\/wp\/v2\/users\/1"}],"replies":[{"embeddable":true,"href":"https:\/\/runtipsmx.com\/index.php?rest_route=%2Fwp%2Fv2%2Fcomments&post=136"}],"version-history":[{"count":19,"href":"https:\/\/runtipsmx.com\/index.php?rest_route=\/wp\/v2\/pages\/136\/revisions"}],"predecessor-version":[{"id":243,"href":"https:\/\/runtipsmx.com\/index.php?rest_route=\/wp\/v2\/pages\/136\/revisions\/243"}],"up":[{"embeddable":true,"href":"https:\/\/runtipsmx.com\/index.php?rest_route=\/wp\/v2\/pages\/308"}],"wp:featuredmedia":[{"embeddable":true,"href":"https:\/\/runtipsmx.com\/index.php?rest_route=\/wp\/v2\/media\/73"}],"wp:attachment":[{"href":"https:\/\/runtipsmx.com\/index.php?rest_route=%2Fwp%2Fv2%2Fmedia&parent=136"}],"curies":[{"name":"wp","href":"https:\/\/api.w.org\/{rel}","templated":true}]}}